{"id":7016,"date":"2025-05-16T06:43:49","date_gmt":"2025-05-16T06:43:49","guid":{"rendered":"https:\/\/darbye.com\/nous-contacter\/"},"modified":"2025-08-20T06:26:50","modified_gmt":"2025-08-20T06:26:50","slug":"nous-contacter","status":"publish","type":"page","link":"https:\/\/darbye.com\/fr\/nous-contacter\/","title":{"rendered":"Nous contacter"},"content":{"rendered":"\t\t<div data-elementor-type=\"wp-page\" data-elementor-id=\"7016\" class=\"elementor elementor-7016 elementor-69\" data-elementor-post-type=\"page\">\n\t\t\t\t<div class=\"elementor-element elementor-element-16bbfacd e-con-full e-flex e-con e-parent\" data-id=\"16bbfacd\" data-element_type=\"container\" data-settings=\"{&quot;jet_parallax_layout_list&quot;:[]}\">\n\t\t<div class=\"elementor-element elementor-element-14ccc4a0 e-con-full e-flex e-con e-child\" data-id=\"14ccc4a0\" data-element_type=\"container\" data-settings=\"{&quot;background_background&quot;:&quot;classic&quot;,&quot;jet_parallax_layout_list&quot;:[]}\">\n\t\t\t\t<div class=\"elementor-element elementor-element-74aef088 elementor-hidden-mobile elementor-widget elementor-widget-heading\" data-id=\"74aef088\" data-element_type=\"widget\" data-widget_type=\"heading.default\">\n\t\t\t\t<div class=\"elementor-widget-container\">\n\t\t\t\t\t<h1 class=\"elementor-heading-title elementor-size-default\">Nous contacter<\/h1>\t\t\t\t<\/div>\n\t\t\t\t<\/div>\n\t\t\t\t<div class=\"elementor-element elementor-element-2f150b1b elementor-widget elementor-widget-heading\" data-id=\"2f150b1b\" data-element_type=\"widget\" data-widget_type=\"heading.default\">\n\t\t\t\t<div class=\"elementor-widget-container\">\n\t\t\t\t\t<p class=\"elementor-heading-title elementor-size-default\">Nous aimerions vous parler.<br>N'h\u00e9sitez pas \u00e0 consulter notre foire aux questions.<\/p>\t\t\t\t<\/div>\n\t\t\t\t<\/div>\n\t\t\t\t<\/div>\n\t\t<div class=\"elementor-element elementor-element-2ed24146 e-con-full e-flex e-con e-child\" data-id=\"2ed24146\" data-element_type=\"container\" data-settings=\"{&quot;jet_parallax_layout_list&quot;:[]}\">\n\t\t\t\t<div class=\"elementor-element elementor-element-62b0c84 elementor-widget elementor-widget-jet-form-builder-form\" data-id=\"62b0c84\" data-element_type=\"widget\" data-widget_type=\"jet-form-builder-form.default\">\n\t\t\t\t<div class=\"elementor-widget-container\">\n\t\t\t\t\t<link rel='stylesheet' id='wp-block-library-css' href='https:\/\/darbye.com\/wp-includes\/css\/dist\/block-library\/style.min.css?ver=6.8.5' media='all' \/>\n<style id=\"jet-form-builder-7543-inline-css\"><\/style><form  class=\"jet-form-builder layout-column submit-type-ajax\" action=\"https:\/\/darbye.com\/fr\/wp-json\/wp\/v2\/pages\/7016\/?CezZ8Y=w9RtXulZLJ&amp;method=reload\" method=\"POST\" data-form-id=\"7543\" data-layout=\"column\" enctype=\"multipart\/form-data\" novalidate=\"null\" ssr_validation_method=\"rest\">\r\n<input type=\"hidden\" name=\"_jfb_current_render_states[]\" value=\"DEFAULT.STATE\" data-jfb-sync \/><input type=\"hidden\" class=\"jet-form-builder__field hidden-field\" name=\"_jet_engine_booking_form_id\" data-field-name=\"_jet_engine_booking_form_id\" value=\"7543\">\n<input type=\"hidden\" class=\"jet-form-builder__field hidden-field\" name=\"_jet_engine_refer\" data-field-name=\"_jet_engine_refer\" value=\"https:\/\/darbye.com\/fr\/wp-json\/wp\/v2\/pages\/7016\/\">\n<input type=\"hidden\" class=\"jet-form-builder__field hidden-field\" name=\"__queried_post_id\" data-field-name=\"__queried_post_id\" value=\"7016\">\n<input type=\"hidden\" class=\"jet-form-builder__field hidden-field\" name=\"_user_journey\" data-field-name=\"_user_journey\">\n\n\n\n<div data-formula=\"SUPPORT_REQUEST\" data-name=\"form_type_recovery\" data-precision=\"2\" data-sep-decimal=\".\" data-value-type=\"string\" data-date-format=\"YYYY-MM-DD\" class=\"jet-form-builder__calculated-field jet-form-builder__calculated-field--hidden\">\n\t\t\t<input type=\"hidden\"\n\t\t\tname=\"form_type_recovery\"\n\t\t\tid=\"form_type_recovery\"\n\t\t\tvalue=\"\"\n\t\t\tclass=\"jet-form-builder__calculated-field-input jet-form-builder__field\"\n\t\t\tdata-field-name=\"form_type_recovery\"\n\t\t\tdata-jfb-sync\n\t\/>\n\t<div class=\"jet-form-builder__calculated-field-val\">0.00<\/div>\n\t\t<\/div>\n\n\n\n\n\n\n\n\n\n\n\n\n\n<div  class=\"jet-form-builder-row field-type-select-field wp-block-jet-forms-select-field\">\n<div class=\"jet-form-builder__label\">\r\n<label class=\"jet-form-builder__label-text\" for=\"purpose_id\">Raison<\/label><\/div><div class=\"jet-form-builder__field-wrap\">\n\t<select class=\"jet-form-builder__field select-field\" name=\"purpose_id\" data-field-name=\"purpose_id\" id=\"purpose_id\" data-jfb-sync=\"null\">\n\t\t<option value=\"7184\" >G\u00e9rer l'h\u00e9bergement de mon bien<\/option><option value=\"7181\" >Passez \u00e0 la location courte ou longue dur\u00e9e<\/option><option value=\"7183\" >G\u00e9rer mes diff\u00e9rentes propri\u00e9t\u00e9s<\/option><option value=\"7185\" >Apprenez \u00e0 connaitre nos services<\/option><option value=\"7852\" >Autre<\/option>\t<\/select>\n<\/div>\n<\/div>\n\n\n<div data-formula=\"&#039;%purpose_id(optionLabel)%&#039;\" data-name=\"request_name\" data-precision=\"2\" data-sep-decimal=\".\" data-value-type=\"string\" data-date-format=\"YYYY-MM-DD\" class=\"jet-form-builder__calculated-field jet-form-builder__calculated-field--hidden\">\n\t\t\t<input type=\"hidden\"\n\t\t\tname=\"request_name\"\n\t\t\tid=\"request_name\"\n\t\t\tvalue=\"\"\n\t\t\tclass=\"jet-form-builder__calculated-field-input jet-form-builder__field\"\n\t\t\tdata-field-name=\"request_name\"\n\t\t\tdata-jfb-sync\n\t\/>\n\t<div class=\"jet-form-builder__calculated-field-val\">0.00<\/div>\n\t\t<\/div>\n\n\n\n<fieldset  class=\"jet-form-builder-row field-type-radio-field wp-block-jet-forms-radio-field\">\n<legend class=\"jet-form-builder__label\"><span class=\"jet-form-builder__label-text\">Contact pr\u00e9f\u00e9rence <span class=\"jet-form-builder__required\">*<\/span><\/span><\/legend><div class=\"jet-form-builder__fields-group checkradio-wrap\" data-jfb-sync><div class=\"jet-form-builder__field-wrap radio-wrap checkradio-wrap\"><label class=\"jet-form-builder__field-label for-radio\">\n<input type=\"radio\" name=\"contact_preference\" value=\"1\" data-field-name=\"contact_preference\" data-calculate=\"1\"  class=\"jet-form-builder__field radio-field checkradio-field\" required=\"required\"><span>Email<\/span><\/label><\/div><div class=\"jet-form-builder__field-wrap radio-wrap checkradio-wrap\"><label class=\"jet-form-builder__field-label for-radio\">\n<input type=\"radio\" name=\"contact_preference\" value=\"2\" data-field-name=\"contact_preference\" data-calculate=\"2\"  class=\"jet-form-builder__field radio-field checkradio-field\" required=\"required\"><span>T\u00e9l\u00e9phone<\/span><\/label><\/div><\/div>\n<\/fieldset>\n\n<div class=\"jet-form-builder__conditional \" data-jfb-conditional=\"[{&quot;operator&quot;:&quot;equal&quot;,&quot;value&quot;:&quot;2&quot;,&quot;field&quot;:&quot;contact_preference&quot;,&quot;use_preset&quot;:false}]\" data-jfb-func=\"show\">\n<div  class=\"jet-form-builder-row field-type-appointment-date\" >\n<div class=\"jet-form-builder__label\">\r\n<label class=\"jet-form-builder__label-text\" for=\"appointment_date\">Choose a slot <span class=\"jet-form-builder__required\">*<\/span><\/label><\/div><div class=\"jet-apb-calendar-wrapper\">\n\t<div class=\"appointment-calendar jet-apb-calendar\" data-args=\"{&quot;booking_type&quot;:&quot;slot&quot;,&quot;excludedDates&quot;:[],&quot;datesMode&quot;:&quot;override_full&quot;,&quot;worksDates&quot;:[],&quot;datesRange&quot;:{&quot;start&quot;:0,&quot;end&quot;:0},&quot;availableWeekDays&quot;:[&quot;monday&quot;,&quot;tuesday&quot;,&quot;wednesday&quot;,&quot;thursday&quot;,&quot;friday&quot;],&quot;service&quot;:{&quot;field&quot;:&quot;purpose_id&quot;},&quot;providerIsset&quot;:false,&quot;provider&quot;:false,&quot;inputName&quot;:&quot;appointment_date&quot;,&quot;isRequired&quot;:true,&quot;allowedServices&quot;:false,&quot;slotAutoCheck&quot;:false}\"><\/div>\n\n\t\t<div class=\"jet-apb-calendar-appointments-list-wrapper\" style=\"display: none\">\n\t\t<div class=\"jet-form-builder__heading\">\n\t\t\t<span class=\"jet-form-builder__label-text\">Appointment details:<\/span>\n\t\t<\/div>\n\t\t<div class=\"jet-apb-calendar-appointments-list\"><\/div>\n\t<\/div>\n\t<div class=\"jet-apb-calendar-notification\" style=\"display: none\">\n\t\t<div class=\"jet-apb-calendar-notification-service\">Please, select the service first.<\/div>\n\t\t<div class=\"jet-apb-calendar-notification-provider\">Please, select the provider first.<\/div>\n\t\t<div class=\"jet-apb-calendar-notification-service-field\">Please set service field for current calendar<\/div>\n\t\t<div class=\"jet-apb-calendar-notification-max-slots\">Sorry. You have the max number of appointments.<\/div>\n\t<\/div>\n<\/div>\n<\/div>\n\n<div  class=\"jet-form-builder-row field-type-switcher wp-block-jet-forms-switcher\">\n<div class=\"jet-form-builder__label\">\r\n<label class=\"jet-form-builder__label-text\" for=\"pick_a_slot\">I'm available anytime during<\/label><\/div><input id=\"pick_a_slot\" name=\"pick_a_slot\" type=\"checkbox\" role=\"switch\" class=\"jet-form-builder__field\" value=\"true\" data-calculate=\"1\" data-jfb-sync=\"null\">\n<\/div>\n\n<div class=\"jet-form-builder__conditional \" data-jfb-conditional=\"[{&quot;operator&quot;:&quot;equal&quot;,&quot;value&quot;:&quot;true&quot;,&quot;field&quot;:&quot;pick_a_slot&quot;,&quot;use_preset&quot;:false}]\" data-jfb-func=\"show\">\n<fieldset  class=\"jet-form-builder-row field-type-radio-field wp-block-jet-forms-radio-field\">\n<div class=\"jet-form-builder__fields-group checkradio-wrap\" data-jfb-sync><div class=\"jet-form-builder__field-wrap radio-wrap checkradio-wrap\"><label class=\"jet-form-builder__field-label for-radio\">\n<input type=\"radio\" name=\"appointment_day_slot\" value=\"morning\" data-field-name=\"appointment_day_slot\" data-calculate=\"1\"  class=\"jet-form-builder__field radio-field checkradio-field\" required=\"required\"><span>Matin<\/span><\/label><\/div><div class=\"jet-form-builder__field-wrap radio-wrap checkradio-wrap\"><label class=\"jet-form-builder__field-label for-radio\">\n<input type=\"radio\" name=\"appointment_day_slot\" value=\"lunch time\" data-field-name=\"appointment_day_slot\" data-calculate=\"2\"  class=\"jet-form-builder__field radio-field checkradio-field\" required=\"required\"><span>Pause d\u00e9jeuner<\/span><\/label><\/div><div class=\"jet-form-builder__field-wrap radio-wrap checkradio-wrap\"><label class=\"jet-form-builder__field-label for-radio\">\n<input type=\"radio\" name=\"appointment_day_slot\" value=\"afternoon\" data-field-name=\"appointment_day_slot\" data-calculate=\"3\"  class=\"jet-form-builder__field radio-field checkradio-field\" required=\"required\"><span>L'aprem<\/span><\/label><\/div><div class=\"jet-form-builder__field-wrap radio-wrap checkradio-wrap\"><label class=\"jet-form-builder__field-label for-radio\">\n<input type=\"radio\" name=\"appointment_day_slot\" value=\"evening\" data-field-name=\"appointment_day_slot\" data-calculate=\"4\"  class=\"jet-form-builder__field radio-field checkradio-field\" required=\"required\"><span>Soir<\/span><\/label><\/div><\/div>\n<\/fieldset>\n<\/div>\n<\/div>\n\n<div  class=\"jet-form-builder-row field-type-text-field\" >\n<div class=\"jet-form-builder__label\">\r\n<label class=\"jet-form-builder__label-text\" for=\"user_full_name\">Nom complet <span class=\"jet-form-builder__required\">*<\/span><\/label><\/div><div class=\"jet-form-builder__field-wrap\">\n\t\t\t\t<input placeholder=\"Nom complet\" required=\"required\" name=\"user_full_name\" id=\"user_full_name\" type=\"text\" data-field-name=\"user_full_name\" class=\"jet-form-builder__field text-field\" data-jfb-sync=\"null\" autocomplete=\"off_wuDPvtMh\">\n\t\t\t\t\t<\/div>\n<\/div>\n\n\n<div class=\"wp-block-columns is-layout-flex wp-container-core-columns-is-layout-28f84493 wp-block-columns-is-layout-flex\">\n<div class=\"wp-block-column is-layout-flow wp-block-column-is-layout-flow\"><div  class=\"jet-form-builder-row field-type-text-field\" >\n<div class=\"jet-form-builder__label\">\r\n<label class=\"jet-form-builder__label-text\" for=\"user_email\">Email <span class=\"jet-form-builder__required\">*<\/span><\/label><\/div><div class=\"jet-form-builder__field-wrap\">\n\t\t\t\t<input placeholder=\"Email valide\" required=\"required\" name=\"user_email\" id=\"user_email\" type=\"email\" data-field-name=\"user_email\" class=\"jet-form-builder__field text-field\" data-jfb-sync=\"null\" autocomplete=\"off_3tbUwmYA\">\n\t\t\t\t\t<\/div>\n<\/div><\/div>\n\n\n\n<div class=\"wp-block-column is-layout-flow wp-block-column-is-layout-flow\"><div  class=\"jet-form-builder-row field-type-text-field\" >\n<div class=\"jet-form-builder__label\">\r\n<label class=\"jet-form-builder__label-text\" for=\"user_phone\">T\u00e9l\u00e9phone <span class=\"jet-form-builder__required\">*<\/span><\/label><\/div><div class=\"jet-form-builder__field-wrap\">\n\t\t\t\t<input required=\"required\" name=\"user_phone\" id=\"user_phone\" type=\"tel\" data-field-name=\"user_phone\" class=\"jet-form-builder__field text-field jet-form-builder__masked-field\" data-jfb-sync=\"null\" autocomplete=\"off_OP6bsAEI\" data-inputmask=\"&#039;mask&#039;: &#039;9(999)-99-99-99&#039;\" data-inputmask-placeholder=\"_\" data-inputmask-clearmaskonlostfocus=\"false\">\n\t\t\t\t\t<\/div>\n<\/div><\/div>\n<\/div>\n\n\n<div  class=\"jet-form-builder-row field-type-textarea-field\" >\n<div class=\"jet-form-builder__label\">\r\n<label class=\"jet-form-builder__label-text\" for=\"message\">Votre message<\/label><\/div><div class=\"jet-form-builder__field-wrap\">\n\t\t<textarea class=\"jet-form-builder__field textarea-field\" placeholder=\"Bonjour, je souhaiterais vous parler de votre service \u2026 \" name=\"message\" data-field-name=\"message\" id=\"message\" data-jfb-sync=\"null\"><\/textarea>\n\t<\/div>\n<\/div>\n\n<input type=\"hidden\" class=\"captcha-token\" name=\"_captcha_token\" value=\"\"\/><div class=\"jfb-visually-hidden\" tabindex=\"-1\"><div class=\"jet-form-builder__field-wrap\">\n\t\t\t\t<input name=\"email\" id=\"email\" type=\"email\" data-field-name=\"email\" class=\"jet-form-builder__field text-field\" data-jfb-sync=\"null\" autocomplete=\"off_aemdL5cv\">\n\t\t\t\t\t<\/div><\/div><div  class=\"jet-form-builder-row field-type-submit-field\" >\n\t<div data-type=\"submit\" class=\"jet-form-builder__action-button-wrapper jet-form-builder__submit-wrap\">\n\t<button class=\"jet-form-builder__action-button jet-form-builder__submit submit-type-ajax\" type=\"submit\">Soumettre<\/button>\n\t<\/div>\n\t\n<\/div>\t<div class=\"jet-form-builder-messages-wrap\" data-form-id=\"7543\"><\/div>\n<\/form>\n\t\t\t\t<\/div>\n\t\t\t\t<\/div>\n\t\t\t\t<\/div>\n\t\t\t\t<\/div>\n\t\t<div class=\"elementor-element elementor-element-30c7fd5b e-flex e-con-boxed e-con e-parent\" data-id=\"30c7fd5b\" data-element_type=\"container\" data-settings=\"{&quot;background_background&quot;:&quot;classic&quot;,&quot;jet_parallax_layout_list&quot;:[]}\">\n\t\t\t\t\t<div class=\"e-con-inner\">\n\t\t\t\t<div class=\"elementor-element elementor-element-67dd7c03 elementor-widget__width-inherit elementor-widget elementor-widget-heading\" data-id=\"67dd7c03\" data-element_type=\"widget\" data-widget_type=\"heading.default\">\n\t\t\t\t<div class=\"elementor-widget-container\">\n\t\t\t\t\t<h2 class=\"elementor-heading-title elementor-size-default\">Ou contactez-nous<\/h2>\t\t\t\t<\/div>\n\t\t\t\t<\/div>\n\t\t<div class=\"elementor-element elementor-element-2e8e4aa e-flex e-con-boxed e-con e-child\" data-id=\"2e8e4aa\" data-element_type=\"container\" data-settings=\"{&quot;jet_parallax_layout_list&quot;:[]}\">\n\t\t\t\t\t<div class=\"e-con-inner\">\n\t\t\t\t<div class=\"elementor-element elementor-element-2d41bc8f elementor-view-stacked elementor-shape-square elementor-widget-tablet__width-initial elementor-position-left elementor-widget__width-initial elementor-mobile-position-top elementor-widget elementor-widget-icon-box\" data-id=\"2d41bc8f\" data-element_type=\"widget\" data-widget_type=\"icon-box.default\">\n\t\t\t\t<div class=\"elementor-widget-container\">\n\t\t\t\t\t\t\t<div class=\"elementor-icon-box-wrapper\">\n\n\t\t\t\t\t\t<div class=\"elementor-icon-box-icon\">\n\t\t\t\t<span  class=\"elementor-icon elementor-animation-shrink\">\n\t\t\t\t<svg xmlns=\"http:\/\/www.w3.org\/2000\/svg\" id=\"ef401a9b-392f-49b7-a156-a160ba6e5cf7\" data-name=\"Layer 1\" width=\"41.4618\" height=\"39.8666\" viewBox=\"0 0 41.4618 39.8666\"><polygon points=\"29.876 11.139 29.876 0 0 0 0 28.727 11.586 28.727 11.586 11.139 29.876 11.139\"><\/polygon><polygon points=\"29.876 11.139 29.876 28.727 11.586 28.727 11.586 39.867 41.462 39.867 41.462 11.139 29.876 11.139\"><\/polygon><\/svg>\t\t\t\t<\/span>\n\t\t\t<\/div>\n\t\t\t\n\t\t\t\t\t\t<div class=\"elementor-icon-box-content\">\n\n\t\t\t\t\t\t\t\t\t<h4 class=\"elementor-icon-box-title\">\n\t\t\t\t\t\t<span  >\n\t\t\t\t\t\t\tappelez-nous\t\t\t\t\t\t<\/span>\n\t\t\t\t\t<\/h4>\n\t\t\t\t\n\t\t\t\t\t\t\t\t\t<p class=\"elementor-icon-box-description\">\n\t\t\t\t\t\t123-456-7890\t\t\t\t\t<\/p>\n\t\t\t\t\n\t\t\t<\/div>\n\t\t\t\n\t\t<\/div>\n\t\t\t\t\t\t<\/div>\n\t\t\t\t<\/div>\n\t\t\t\t<div class=\"elementor-element elementor-element-3bbb62b2 elementor-view-stacked elementor-shape-square elementor-widget-tablet__width-initial elementor-position-left elementor-widget__width-initial elementor-mobile-position-top elementor-widget elementor-widget-icon-box\" data-id=\"3bbb62b2\" data-element_type=\"widget\" data-widget_type=\"icon-box.default\">\n\t\t\t\t<div class=\"elementor-widget-container\">\n\t\t\t\t\t\t\t<div class=\"elementor-icon-box-wrapper\">\n\n\t\t\t\t\t\t<div class=\"elementor-icon-box-icon\">\n\t\t\t\t<span  class=\"elementor-icon elementor-animation-shrink\">\n\t\t\t\t<svg xmlns=\"http:\/\/www.w3.org\/2000\/svg\" id=\"ef401a9b-392f-49b7-a156-a160ba6e5cf7\" data-name=\"Layer 1\" width=\"41.4618\" height=\"39.8666\" viewBox=\"0 0 41.4618 39.8666\"><polygon points=\"29.876 11.139 29.876 0 0 0 0 28.727 11.586 28.727 11.586 11.139 29.876 11.139\"><\/polygon><polygon points=\"29.876 11.139 29.876 28.727 11.586 28.727 11.586 39.867 41.462 39.867 41.462 11.139 29.876 11.139\"><\/polygon><\/svg>\t\t\t\t<\/span>\n\t\t\t<\/div>\n\t\t\t\n\t\t\t\t\t\t<div class=\"elementor-icon-box-content\">\n\n\t\t\t\t\t\t\t\t\t<h4 class=\"elementor-icon-box-title\">\n\t\t\t\t\t\t<span  >\n\t\t\t\t\t\t\tEnvoyez-nous un email\t\t\t\t\t\t<\/span>\n\t\t\t\t\t<\/h4>\n\t\t\t\t\n\t\t\t\t\t\t\t\t\t<p class=\"elementor-icon-box-description\">\n\t\t\t\t\t\tcompany@email.com\n<br>another@email.com\t\t\t\t\t<\/p>\n\t\t\t\t\n\t\t\t<\/div>\n\t\t\t\n\t\t<\/div>\n\t\t\t\t\t\t<\/div>\n\t\t\t\t<\/div>\n\t\t\t\t<div class=\"elementor-element elementor-element-5494c034 elementor-view-stacked elementor-shape-square elementor-widget-tablet__width-initial elementor-position-left elementor-widget__width-initial elementor-mobile-position-top elementor-widget elementor-widget-icon-box\" data-id=\"5494c034\" data-element_type=\"widget\" data-widget_type=\"icon-box.default\">\n\t\t\t\t<div class=\"elementor-widget-container\">\n\t\t\t\t\t\t\t<div class=\"elementor-icon-box-wrapper\">\n\n\t\t\t\t\t\t<div class=\"elementor-icon-box-icon\">\n\t\t\t\t<span  class=\"elementor-icon elementor-animation-shrink\">\n\t\t\t\t<svg xmlns=\"http:\/\/www.w3.org\/2000\/svg\" id=\"ef401a9b-392f-49b7-a156-a160ba6e5cf7\" data-name=\"Layer 1\" width=\"41.4618\" height=\"39.8666\" viewBox=\"0 0 41.4618 39.8666\"><polygon points=\"29.876 11.139 29.876 0 0 0 0 28.727 11.586 28.727 11.586 11.139 29.876 11.139\"><\/polygon><polygon points=\"29.876 11.139 29.876 28.727 11.586 28.727 11.586 39.867 41.462 39.867 41.462 11.139 29.876 11.139\"><\/polygon><\/svg>\t\t\t\t<\/span>\n\t\t\t<\/div>\n\t\t\t\n\t\t\t\t\t\t<div class=\"elementor-icon-box-content\">\n\n\t\t\t\t\t\t\t\t\t<h4 class=\"elementor-icon-box-title\">\n\t\t\t\t\t\t<span  >\n\t\t\t\t\t\t\tHeures d'ouverture\t\t\t\t\t\t<\/span>\n\t\t\t\t\t<\/h4>\n\t\t\t\t\n\t\t\t\t\t\t\t\t\t<p class=\"elementor-icon-box-description\">\n\t\t\t\t\t\t8h00 - 17h00\t\t\t\t\t<\/p>\n\t\t\t\t\n\t\t\t<\/div>\n\t\t\t\n\t\t<\/div>\n\t\t\t\t\t\t<\/div>\n\t\t\t\t<\/div>\n\t\t\t\t<div class=\"elementor-element elementor-element-cf0a9e6 elementor-view-stacked elementor-shape-square elementor-widget-tablet__width-initial elementor-position-left elementor-widget__width-initial elementor-mobile-position-top elementor-widget elementor-widget-icon-box\" data-id=\"cf0a9e6\" data-element_type=\"widget\" data-widget_type=\"icon-box.default\">\n\t\t\t\t<div class=\"elementor-widget-container\">\n\t\t\t\t\t\t\t<div class=\"elementor-icon-box-wrapper\">\n\n\t\t\t\t\t\t<div class=\"elementor-icon-box-icon\">\n\t\t\t\t<span  class=\"elementor-icon elementor-animation-shrink\">\n\t\t\t\t<svg xmlns=\"http:\/\/www.w3.org\/2000\/svg\" id=\"ef401a9b-392f-49b7-a156-a160ba6e5cf7\" data-name=\"Layer 1\" width=\"41.4618\" height=\"39.8666\" viewBox=\"0 0 41.4618 39.8666\"><polygon points=\"29.876 11.139 29.876 0 0 0 0 28.727 11.586 28.727 11.586 11.139 29.876 11.139\"><\/polygon><polygon points=\"29.876 11.139 29.876 28.727 11.586 28.727 11.586 39.867 41.462 39.867 41.462 11.139 29.876 11.139\"><\/polygon><\/svg>\t\t\t\t<\/span>\n\t\t\t<\/div>\n\t\t\t\n\t\t\t\t\t\t<div class=\"elementor-icon-box-content\">\n\n\t\t\t\t\t\t\t\t\t<h4 class=\"elementor-icon-box-title\">\n\t\t\t\t\t\t<span  >\n\t\t\t\t\t\t\tRendez-nous visite\t\t\t\t\t\t<\/span>\n\t\t\t\t\t<\/h4>\n\t\t\t\t\n\t\t\t\t\t\t\t\t\t<p class=\"elementor-icon-box-description\">\n\t\t\t\t\t\tStreet name, 22135<br>Copenhague, Danemark\t\t\t\t\t<\/p>\n\t\t\t\t\n\t\t\t<\/div>\n\t\t\t\n\t\t<\/div>\n\t\t\t\t\t\t<\/div>\n\t\t\t\t<\/div>\n\t\t\t\t\t<\/div>\n\t\t\t\t<\/div>\n\t\t\t\t\t<\/div>\n\t\t\t\t<\/div>\n\t\t<div class=\"elementor-element elementor-element-5d0b060b e-flex e-con-boxed e-con e-parent\" data-id=\"5d0b060b\" data-element_type=\"container\" data-settings=\"{&quot;background_background&quot;:&quot;classic&quot;,&quot;jet_parallax_layout_list&quot;:[]}\">\n\t\t\t\t\t<div class=\"e-con-inner\">\n\t\t\t\t\t<\/div>\n\t\t\t\t<\/div>\n\t\t\t\t<\/div>\n\t\t","protected":false},"excerpt":{"rendered":"<p>Nous contacter Nous aimerions vous parler.N&rsquo;h\u00e9sitez pas \u00e0 consulter notre foire aux questions. 0.00 Raison G\u00e9rer l&rsquo;h\u00e9bergement de mon bienPassez \u00e0 la location courte ou longue dur\u00e9eG\u00e9rer mes diff\u00e9rentes propri\u00e9t\u00e9sApprenez \u00e0 connaitre nos servicesAutre 0.00 Contact pr\u00e9f\u00e9rence * Email T\u00e9l\u00e9phone Choose a slot * Appointment details: Please, select the service first. Please, select the provider [&hellip;]<\/p>\n","protected":false},"author":6,"featured_media":0,"parent":0,"menu_order":0,"comment_status":"closed","ping_status":"closed","template":"elementor_header_footer","meta":{"_jf_save_progress":"","footnotes":""},"class_list":["post-7016","page","type-page","status-publish","hentry"],"_links":{"self":[{"href":"https:\/\/darbye.com\/fr\/wp-json\/wp\/v2\/pages\/7016","targetHints":{"allow":["GET"]}}],"collection":[{"href":"https:\/\/darbye.com\/fr\/wp-json\/wp\/v2\/pages"}],"about":[{"href":"https:\/\/darbye.com\/fr\/wp-json\/wp\/v2\/types\/page"}],"author":[{"embeddable":true,"href":"https:\/\/darbye.com\/fr\/wp-json\/wp\/v2\/users\/6"}],"replies":[{"embeddable":true,"href":"https:\/\/darbye.com\/fr\/wp-json\/wp\/v2\/comments?post=7016"}],"version-history":[{"count":14,"href":"https:\/\/darbye.com\/fr\/wp-json\/wp\/v2\/pages\/7016\/revisions"}],"predecessor-version":[{"id":7932,"href":"https:\/\/darbye.com\/fr\/wp-json\/wp\/v2\/pages\/7016\/revisions\/7932"}],"wp:attachment":[{"href":"https:\/\/darbye.com\/fr\/wp-json\/wp\/v2\/media?parent=7016"}],"curies":[{"name":"wp","href":"https:\/\/api.w.org\/{rel}","templated":true}]}}